{"id":575,"date":"2021-04-09T09:35:18","date_gmt":"2021-04-09T09:35:18","guid":{"rendered":"https:\/\/archaeologie.ideenset.ch\/?page_id=575"},"modified":"2024-01-30T07:43:49","modified_gmt":"2024-01-30T07:43:49","slug":"impressum","status":"publish","type":"page","link":"https:\/\/archaeologie.ideenset.ch\/fr\/impressum\/","title":{"rendered":"Impressum"},"content":{"rendered":"\n<h2 class=\"wp-block-heading\">\u00c9dition<\/h2>\n\n\n\n<p>Con\u00e7u, d\u00e9velopp\u00e9 et mis en \u0153uvre en 2021\/22 par l\u2019Institut de la formation continue et des services de la Haute \u00e9cole p\u00e9dagogique Berne (PHBern) et le Service arch\u00e9ologique du canton de Berne (SAB).<br><br><strong>Texte, didactique<br><\/strong>Martin Furer, auteur de moyen d\u2019enseignement et didacticien sp\u00e9cialis\u00e9 en histoire, PHBern<\/p>\n\n\n\n<p><strong>Mise en forme, didactique<br><\/strong>Pascal Piller, responsable du d\u00e9partement Medien Online, PHBern<\/p>\n\n\n\n<p><strong>Accompagnement arch\u00e9ologique<br><\/strong>Andrea Francesco Lanzicher, collaborateur scientifique Section M\u00e9diation arch\u00e9ologique, SAB<\/p>\n\n\n\n<p><strong>Lectorat<\/strong><br>Christine Felber, cheffe Section M\u00e9diation arch\u00e9ologique, SAB<br><br><\/p>\n","protected":false},"excerpt":{"rendered":"<p>\u00c9dition Con\u00e7u, d\u00e9velopp\u00e9 et mis en \u0153uvre en 2021\/22 par l\u2019Institut de la formation continue et des services de la Haute \u00e9cole p\u00e9dagogique Berne (PHBern) et le Service arch\u00e9ologique du canton de Berne (SAB). Texte, didactiqueMartin Furer, auteur de moyen d\u2019enseignement et didacticien sp\u00e9cialis\u00e9 en histoire, PHBern Mise en forme, didactiquePascal Piller, responsable du d\u00e9partement [&hellip;]<\/p>\n","protected":false},"author":1,"featured_media":0,"parent":0,"menu_order":0,"comment_status":"closed","ping_status":"closed","template":"","meta":{"footnotes":""},"class_list":["post-575","page","type-page","status-publish","hentry"],"_links":{"self":[{"href":"https:\/\/archaeologie.ideenset.ch\/fr\/wp-json\/wp\/v2\/pages\/575","targetHints":{"allow":["GET"]}}],"collection":[{"href":"https:\/\/archaeologie.ideenset.ch\/fr\/wp-json\/wp\/v2\/pages"}],"about":[{"href":"https:\/\/archaeologie.ideenset.ch\/fr\/wp-json\/wp\/v2\/types\/page"}],"author":[{"embeddable":true,"href":"https:\/\/archaeologie.ideenset.ch\/fr\/wp-json\/wp\/v2\/users\/1"}],"replies":[{"embeddable":true,"href":"https:\/\/archaeologie.ideenset.ch\/fr\/wp-json\/wp\/v2\/comments?post=575"}],"version-history":[{"count":28,"href":"https:\/\/archaeologie.ideenset.ch\/fr\/wp-json\/wp\/v2\/pages\/575\/revisions"}],"predecessor-version":[{"id":3169,"href":"https:\/\/archaeologie.ideenset.ch\/fr\/wp-json\/wp\/v2\/pages\/575\/revisions\/3169"}],"wp:attachment":[{"href":"https:\/\/archaeologie.ideenset.ch\/fr\/wp-json\/wp\/v2\/media?parent=575"}],"curies":[{"name":"wp","href":"https:\/\/api.w.org\/{rel}","templated":true}]}}