{"id":843,"date":"2021-04-13T13:40:53","date_gmt":"2021-04-13T13:40:53","guid":{"rendered":"https:\/\/archaeologie.ideenset.ch\/?page_id=843"},"modified":"2024-01-30T14:58:08","modified_gmt":"2024-01-30T14:58:08","slug":"haftungsausschluss","status":"publish","type":"page","link":"https:\/\/archaeologie.ideenset.ch\/fr\/haftungsausschluss\/","title":{"rendered":"Clause de non-responsabilit\u00e9"},"content":{"rendered":"\n<h2 class=\"wp-block-heading\">Caract\u00e8re juridiquement contraignant des informations<\/h2>\n\n\n\n<p>L&rsquo;exploitant du portail contr\u00f4le avec le plus grand soin les contenus qui apparaissent sur le portail, ainsi que les fonctionnalit\u00e9s du moteur de recherche. Toutefois, l&rsquo;exploitant ne peut garantir l&rsquo;exhaustivit\u00e9, la fiabilit\u00e9 ou l&rsquo;absence d&rsquo;erreurs des informations publi\u00e9es et peut, au besoin et sans pr\u00e9avis, proc\u00e9der \u00e0 des modifications sur le portail. Les organes de m\u00e9diation d\u00e9terminants pour des publications juridiquement contraignantes sont la Haute \u00e9cole p\u00e9dagogique de Berne et le Service arch\u00e9ologique du canton de Berne.<\/p>\n\n\n\n<h2 class=\"wp-block-heading\">Sites web li\u00e9s<\/h2>\n\n\n\n<p>L&rsquo;exploitant du portail ne v\u00e9rifie ni les contenus ni les offres des sites web accessibles ou mis en lien sur le portail. Il n&rsquo;assume donc aucune responsabilit\u00e9 quant au contenu de ces sites.<\/p>\n\n\n\n<h2 class=\"wp-block-heading\">Responsabilit\u00e9<\/h2>\n\n\n\n<p>L&rsquo;exploitant du portail n&rsquo;assume aucune responsabilit\u00e9 quant aux dysfonctionnements de l&rsquo;Internet, aux dommages caus\u00e9s par des tiers, aux donn\u00e9es import\u00e9es de toutes sortes (virus, vers, chevaux de Troie), ainsi que pour les liens de et vers d&rsquo;autres sites Internet. L&rsquo;exploitant du portail n&rsquo;est en aucun cas responsable envers vous ou des tiers de dommages directs, indirects, particuliers ou cons\u00e9cutifs r\u00e9sultant de l&rsquo;utilisation de ce site web ou d&rsquo;un site li\u00e9.<\/p>\n\n\n\n<h2 class=\"wp-block-heading\">Copyright<\/h2>\n\n\n\n<p>Sauf indication contraire, le mat\u00e9riel p\u00e9dagogique est plac\u00e9 sous une licence Creative Commons CC-BY-SA. Le t\u00e9l\u00e9chargement, l&rsquo;impression, le partage, le traitement et la r\u00e9utilisation de ces contenus sont autoris\u00e9s \u00e0 condition de mentionner a) les auteurs en tant qu\u2019instigateurs et b) la licence Creative Commons (<a href=\"https:\/\/creativecommons.org\/licenses\/by-sa\/3.0\/ch\/deed.fr\">voir CC-BY-SA<\/a>).<\/p>\n\n\n\n<p>Les prospectus, articles et images mis \u00e0 disposition par le Service arch\u00e9ologique du canton de Berne sont en g\u00e9n\u00e9ral prot\u00e9g\u00e9s par le droit d&rsquo;auteur. Le t\u00e9l\u00e9chargement et l&rsquo;impression de ces contenus ou de parties de ceux-ci sont en principe autoris\u00e9s. Toutefois, cela ne vous conf\u00e8re aucun droit sur les contenus. La reproduction, la modification et l\u2019utilisation \u00e0 des fins publiques ou commerciales de contenus du site Internet prot\u00e9g\u00e9s par des droits d&rsquo;auteur, y compris le code source, sont interdites sans autorisation \u00e9crite pr\u00e9alable.<\/p>\n","protected":false},"excerpt":{"rendered":"<p>Caract\u00e8re juridiquement contraignant des informations L&rsquo;exploitant du portail contr\u00f4le avec le plus grand soin les contenus qui apparaissent sur le portail, ainsi que les fonctionnalit\u00e9s du moteur de recherche. Toutefois, l&rsquo;exploitant ne peut garantir l&rsquo;exhaustivit\u00e9, la fiabilit\u00e9 ou l&rsquo;absence d&rsquo;erreurs des informations publi\u00e9es et peut, au besoin et sans pr\u00e9avis, proc\u00e9der \u00e0 des modifications sur [&hellip;]<\/p>\n","protected":false},"author":1,"featured_media":0,"parent":0,"menu_order":0,"comment_status":"closed","ping_status":"closed","template":"","meta":{"footnotes":""},"class_list":["post-843","page","type-page","status-publish","hentry"],"_links":{"self":[{"href":"https:\/\/archaeologie.ideenset.ch\/fr\/wp-json\/wp\/v2\/pages\/843","targetHints":{"allow":["GET"]}}],"collection":[{"href":"https:\/\/archaeologie.ideenset.ch\/fr\/wp-json\/wp\/v2\/pages"}],"about":[{"href":"https:\/\/archaeologie.ideenset.ch\/fr\/wp-json\/wp\/v2\/types\/page"}],"author":[{"embeddable":true,"href":"https:\/\/archaeologie.ideenset.ch\/fr\/wp-json\/wp\/v2\/users\/1"}],"replies":[{"embeddable":true,"href":"https:\/\/archaeologie.ideenset.ch\/fr\/wp-json\/wp\/v2\/comments?post=843"}],"version-history":[{"count":7,"href":"https:\/\/archaeologie.ideenset.ch\/fr\/wp-json\/wp\/v2\/pages\/843\/revisions"}],"predecessor-version":[{"id":3186,"href":"https:\/\/archaeologie.ideenset.ch\/fr\/wp-json\/wp\/v2\/pages\/843\/revisions\/3186"}],"wp:attachment":[{"href":"https:\/\/archaeologie.ideenset.ch\/fr\/wp-json\/wp\/v2\/media?parent=843"}],"curies":[{"name":"wp","href":"https:\/\/api.w.org\/{rel}","templated":true}]}}